{"id":17,"date":"2016-09-28T18:59:45","date_gmt":"2016-09-28T21:59:45","guid":{"rendered":"http:\/\/127.0.0.1:8080\/cooxupe\/exportacao\/?page_id=17"},"modified":"2021-11-01T09:29:54","modified_gmt":"2021-11-01T12:29:54","slug":"preparation-industries","status":"publish","type":"page","link":"https:\/\/www.cooxupe.com.br\/exportacao\/en\/preparation-industries\/","title":{"rendered":"Preparation Industries"},"content":{"rendered":"\n\n\t\t\t\t<img loading=\"lazy\" src=\"https:\/\/www.cooxupe.com.br\/exportacao\/en\/wp-content\/uploads\/sites\/2\/2021\/10\/ind2.jpg\" alt=\"Complexo Industrial Japy - Guaxup\u00e9\" itemprop=\"image\" height=\"688\" width=\"2000\" title=\"ind2\" onerror=\"this.style.display='none'\"  \/>\n\t\tComplexo Industrial Japy &#8211; Guaxup\u00e9\n<h2>\n\t\tpreparation<br \/><b>industries <\/b>\n\t<\/h2>\n\t\t\t\t\t<a href=\"#\" id=\"fl-tabs--label-0\" data-index=\"0\" aria-selected=\"true\" aria-controls=\"fl-tabs--panel-0\" aria-expanded=\"true\" role=\"tab\" tabindex=\"0\">\t\t\t\tPreparation industries\t\t\t<\/a>\n\t\t\t\t\t<a href=\"#\" id=\"fl-tabs--label-1\" data-index=\"1\" aria-selected=\"false\" aria-controls=\"fl-tabs--panel-1\" aria-expanded=\"false\" role=\"tab\" tabindex=\"0\">\t\t\t\tCoffee bean preparation \t\t\t<\/a>\n\t\t\t\tPreparation industries\n\t\t\t\t\t\t\t<h3>Preparation Industries<\/h3>\n<p>COOXUP\u00c9 COUNTS ON 5 INDUSTRIAL UNITS AND RECEIVING COFFEE UNITS\u00a0 ACTING IN MORE THAN 200 MUNICIPALITIES<\/p>\n<p>Launched in 2012, Japy Industrial Complex and Storage is located in Guaxup\u00e9, MG, and brought innovation in the logistics of the coffee production chain. One of them is the producer possibility to deliver the coffee in bulk, an initiative that brought costs reductions and more quality for the activity. Still in Japy, the coffee is benefited in the preparation factory for the formation of blends for export. The enterprise also count on a REDEX &#8211; Recinto Especial para Despacho Aduaneiro de Exporta\u00e7\u00e3o (Special Enclosure for Customs Broking of Export), streamlining the container dispatch process to the Port of Santos.<\/p>\n<p>In addition to the Complex, Cooxup\u00e9 maintains other five industrial units of coffee beans preparation (Guaxup\u00e9, Monte Carmelo, Piumhi and Po\u00e7os de Caldas), strategic points in its area of expertise. This structure ensures the coffee supply in an uninterrupted way to the Brazilian and international markets.<\/p>\n<p>Cooxup\u00e9 exports to 49 countries on five continents. For exports, Cooxup\u00e9 maintains an office in the city of Santos \/ SP.<\/p>\n\t\t\t\tCoffee bean preparation \n\t\t\t\t\t\t\t<h3>Coffee bean preparation<\/h3>\n<p>Research, efficient management and coffee quality. In order to maintain the highest standards of coffee quality on a large scale, Cooxup\u00e9 invests in preparation plants, state-of-the-art machinery and pioneering infrastructure. The cooperative was one of the first to adopt the bulk, removing the jute bags from the process of receiving the beans in their warehouses. Important decision, reducing costs, generating safety for the cooperative members and employees.<\/p>\n<p>In the period between 2012 and 2015, more than R$ 100 million were invested in the construction and expansion of the Japy Industrial Complex, both in the building structure and in specific machinery.<\/p>\n\n","protected":false},"excerpt":{"rendered":"<p>Complexo Industrial Japy &#8211; Guaxup\u00e9 preparationindustries Preparation industries Coffee bean preparation Preparation industries Preparation Industries COOXUP\u00c9 COUNTS ON 5 INDUSTRIAL UNITS AND RECEIVING COFFEE UNITS\u00a0 ACTING IN MORE THAN 200 MUNICIPALITIES Launched in 2012, Japy Industrial Complex and Storage is located in Guaxup\u00e9, MG, and brought innovation in the logistics of the coffee production chain.&hellip;<\/p>\n","protected":false},"author":1,"featured_media":0,"parent":0,"menu_order":0,"comment_status":"closed","ping_status":"closed","template":"","meta":[],"_links":{"self":[{"href":"https:\/\/www.cooxupe.com.br\/exportacao\/en\/wp-json\/wp\/v2\/pages\/17"}],"collection":[{"href":"https:\/\/www.cooxupe.com.br\/exportacao\/en\/wp-json\/wp\/v2\/pages"}],"about":[{"href":"https:\/\/www.cooxupe.com.br\/exportacao\/en\/wp-json\/wp\/v2\/types\/page"}],"author":[{"embeddable":true,"href":"https:\/\/www.cooxupe.com.br\/exportacao\/en\/wp-json\/wp\/v2\/users\/1"}],"replies":[{"embeddable":true,"href":"https:\/\/www.cooxupe.com.br\/exportacao\/en\/wp-json\/wp\/v2\/comments?post=17"}],"version-history":[{"count":4,"href":"https:\/\/www.cooxupe.com.br\/exportacao\/en\/wp-json\/wp\/v2\/pages\/17\/revisions"}],"predecessor-version":[{"id":473,"href":"https:\/\/www.cooxupe.com.br\/exportacao\/en\/wp-json\/wp\/v2\/pages\/17\/revisions\/473"}],"wp:attachment":[{"href":"https:\/\/www.cooxupe.com.br\/exportacao\/en\/wp-json\/wp\/v2\/media?parent=17"}],"curies":[{"name":"wp","href":"https:\/\/api.w.org\/{rel}","templated":true}]}}