{"id":13,"date":"2016-09-28T18:59:11","date_gmt":"2016-09-28T21:59:11","guid":{"rendered":"http:\/\/127.0.0.1:8080\/cooxupe\/exportacao\/?page_id=13"},"modified":"2021-10-29T15:48:47","modified_gmt":"2021-10-29T18:48:47","slug":"quem-somos","status":"publish","type":"page","link":"https:\/\/www.cooxupe.com.br\/exportacao\/quem-somos\/","title":{"rendered":"Quem Somos"},"content":{"rendered":"\n\n\t\t\t<img loading='false' src=\"https:\/\/www.cooxupe.com.br\/exportacao\/wp-content\/uploads\/2021\/10\/quem.jpg\" alt=\"\" \/>\t\t\t\n<h2>\n\t\tquem<br \/><b>somos<\/b>\n\t<\/h2>\n\t\t\t\t\t<a href=\"#\" id=\"fl-tabs--label-0\" data-index=\"0\" aria-selected=\"true\" aria-controls=\"fl-tabs--panel-0\" aria-expanded=\"true\" role=\"tab\" tabindex=\"0\">\t\t\t\tHist\u00f3ria\t\t\t<\/a>\n\t\t\t\t\t<a href=\"#\" id=\"fl-tabs--label-1\" data-index=\"1\" aria-selected=\"false\" aria-controls=\"fl-tabs--panel-1\" aria-expanded=\"false\" role=\"tab\" tabindex=\"0\">\t\t\t\tDe onde vem o nosso caf\u00e9\t\t\t<\/a>\n\t\t\t\tHist\u00f3ria\n\t\t\t\t\t\t\t<h3>Hist\u00f3ria<\/h3>\n<p>O primeiro embarque de caf\u00e9 da Cooxup\u00e9 para o exterior aconteceu em 1959. Dois anos antes, em 1957, a cooperativa, que j\u00e1 existia desde 1932 como cooperativa de cr\u00e9dito agr\u00edcola, tinha voltado sua atua\u00e7\u00e3o para, venda de insumos agr\u00edcolas e pecu\u00e1rios, armazenagem, preparo e comercializa\u00e7\u00e3o de caf\u00e9, uma das principais atividades agropecu\u00e1rias de sua regi\u00e3o &#8211; o Sul de Minas Gerais. Ao tornar-se Cooperativa Regional de Cafeicultores em Guaxup\u00e9, a Cooxupe foi impulsionada para uma nova era, buscando constantes inova\u00e7\u00f5es, tecnologias e pioneirismo que a transformaram ao longo dos anos em uma refer\u00eancia para a cafeicultura no Brasil e no mundo.<\/p>\n<p>Atualmente, 49 pa\u00edses recebem o caf\u00e9 produzido pelos mais de 13 mil cooperados da Cooxup\u00e9, localizados no Sul e Cerrado de Minas Gerais e no Vale do Rio Pardo no estado de S\u00e3o Paulo. A maioria destes produtores, 82,6%, s\u00e3o agricultores familiar e pequenos produtores, com a forte atua\u00e7\u00e3o da cooperativa em suas vidas, t\u00eam produzido um caf\u00e9 cada vez mais sustent\u00e1vel, respeitando certifica\u00e7\u00f5es e normas internacionais.<\/p>\n<p>Como resultado deste trabalho em conjunto &#8211; cooperativa e produtor &#8211; a Cooxup\u00e9 tem se destacado na exporta\u00e7\u00e3o de caf\u00e9 no pa\u00eds, liderando o ranking nos anos de 2008, 2010, 2011, 2012, 2013, 2014 e 2015 e 2016. Neste \u00faltimo ano foram embarcadas mais de 4 milh\u00f5es de sacas de caf\u00e9 ar\u00e1bica para o mercado internacional.<\/p>\n<p>Pelo seu tamanho e tecnologias pioneiras, a cooperativa consegue atender grandes demandas, oferecendo qualidade e blends espec\u00edficos, de acordo com o perfil de cada um de seus clientes.<\/p>\n\t\t\t\tDe onde vem o nosso caf\u00e9\n\t\t\t\t\t\t\t<h3>De onde vem o nosso caf\u00e9<\/h3>\n<p>S\u00e3o mais de 200 munic\u00edpios na \u00e1rea de a\u00e7\u00e3o da Cooxup\u00e9, nas regi\u00f5es do Sul de Minas Gerais, Cerrado e Vale do Rio Pardo em S\u00e3o Paulo, produzindo caf\u00e9 de qualidade para o Brasil e o mundo.<\/p>\n<p>A cooperativa atua de forma mais pr\u00f3xima destes cooperados atrav\u00e9s de mais de 30 unidades, divididas em N\u00facleos, Unidades Avan\u00e7adas e filiais.<\/p>\n<p>Nas Unidades Avan\u00e7adas, o produtor cooperado consegue fazer pedidos de insumos, solicita assist\u00eancia t\u00e9cnica e at\u00e9 comercializa caf\u00e9, sem precisar se deslocar \u00e0 matriz, em Guaxup\u00e9. J\u00e1 os N\u00facleos e filiais possuem engenheiros agr\u00f4nomos, agentes de comercializa\u00e7\u00e3o e funcion\u00e1rios de apoio para cobertura das \u00e1reas administrativa e fiscal, al\u00e9m de armaz\u00e9ns de caf\u00e9. <\/p>\n\n","protected":false},"excerpt":{"rendered":"<p>quemsomos Hist\u00f3ria De onde vem o nosso caf\u00e9 Hist\u00f3ria Hist\u00f3ria O primeiro embarque de caf\u00e9 da Cooxup\u00e9 para o exterior aconteceu em 1959. Dois anos antes, em 1957, a cooperativa, que j\u00e1 existia desde 1932 como cooperativa de cr\u00e9dito agr\u00edcola, tinha voltado sua atua\u00e7\u00e3o para, venda de insumos agr\u00edcolas e pecu\u00e1rios, armazenagem, preparo e comercializa\u00e7\u00e3o&hellip;<\/p>\n","protected":false},"author":1,"featured_media":0,"parent":0,"menu_order":0,"comment_status":"closed","ping_status":"closed","template":"","meta":[],"_links":{"self":[{"href":"https:\/\/www.cooxupe.com.br\/exportacao\/wp-json\/wp\/v2\/pages\/13"}],"collection":[{"href":"https:\/\/www.cooxupe.com.br\/exportacao\/wp-json\/wp\/v2\/pages"}],"about":[{"href":"https:\/\/www.cooxupe.com.br\/exportacao\/wp-json\/wp\/v2\/types\/page"}],"author":[{"embeddable":true,"href":"https:\/\/www.cooxupe.com.br\/exportacao\/wp-json\/wp\/v2\/users\/1"}],"replies":[{"embeddable":true,"href":"https:\/\/www.cooxupe.com.br\/exportacao\/wp-json\/wp\/v2\/comments?post=13"}],"version-history":[{"count":2,"href":"https:\/\/www.cooxupe.com.br\/exportacao\/wp-json\/wp\/v2\/pages\/13\/revisions"}],"predecessor-version":[{"id":442,"href":"https:\/\/www.cooxupe.com.br\/exportacao\/wp-json\/wp\/v2\/pages\/13\/revisions\/442"}],"wp:attachment":[{"href":"https:\/\/www.cooxupe.com.br\/exportacao\/wp-json\/wp\/v2\/media?parent=13"}],"curies":[{"name":"wp","href":"https:\/\/api.w.org\/{rel}","templated":true}]}}