{"id":15,"date":"2016-09-28T18:59:32","date_gmt":"2016-09-28T21:59:32","guid":{"rendered":"http:\/\/127.0.0.1:8080\/cooxupe\/exportacao\/?page_id=15"},"modified":"2021-10-29T15:54:09","modified_gmt":"2021-10-29T18:54:09","slug":"cafe-de-alto-padrao","status":"publish","type":"page","link":"https:\/\/www.cooxupe.com.br\/exportacao\/cafe-de-alto-padrao\/","title":{"rendered":"Caf\u00e9 de alto padr\u00e3o"},"content":{"rendered":"\n\n\t\t\t<img loading='false' src=\"https:\/\/www.cooxupe.com.br\/exportacao\/wp-content\/uploads\/2021\/10\/origem-cafe-capa.jpg\" alt=\"\" \/>\t\t\t\n<h2>\n\t\tcaf\u00e9 <br \/><b>de alto<\/b><br \/>padr\u00e3o\n\t<\/h2>\n\t\t\t\t\t<a href=\"#\" id=\"fl-tabs--label-0\" data-index=\"0\" aria-selected=\"true\" aria-controls=\"fl-tabs--panel-0\" aria-expanded=\"true\" role=\"tab\" tabindex=\"0\">\t\t\t\tCaf\u00e9 de alto padr\u00e3o\t\t\t<\/a>\n\t\t\t\tCaf\u00e9 de alto padr\u00e3o\n\t\t\t\t\t\t\t<h3>Caf\u00e9 de alto padr\u00e3o<\/h3>\n<p>Em um universo de mais de 13 mil produtores cooperados, a Cooxup\u00e9 \u00e9 reconhecida como uma das maiores cooperativas de caf\u00e9 do mundo e mant\u00e9m a lideran\u00e7a em seu segmento por estar sempre em busca de pioneirismo e inova\u00e7\u00e3o, acompanhando as tend\u00eancias do mercado nacional e internacional. \u00c9 neste contexto que a cooperativa busca constantemente se adequar \u00e0s normas impostas pelo mercado, garantindo a proced\u00eancia e a qualidade do caf\u00e9. Hoje, atrav\u00e9s dos seus cooperados, a Cooxup\u00e9 possui um grande grupo de fazendas certificadas , com aproximadamente 10 mil hectares. Fazemos parte de importantes programas de nossos clientes, tais como Nespresso AAA\u2122, C.A.F.E Practices, 4C, Rainforest Alliance, UTZ, Nescafeplan, Illy, entre outros. Al\u00e9m disso, desde setembro de 1998 , a Cooxup\u00e9 tamb\u00e9m \u00e9 certificada pelo Sistema de Gest\u00e3o ISO 9001.<\/p>\n\n","protected":false},"excerpt":{"rendered":"<p>caf\u00e9 de altopadr\u00e3o Caf\u00e9 de alto padr\u00e3o Caf\u00e9 de alto padr\u00e3o Caf\u00e9 de alto padr\u00e3o Em um universo de mais de 13 mil produtores cooperados, a Cooxup\u00e9 \u00e9 reconhecida como uma das maiores cooperativas de caf\u00e9 do mundo e mant\u00e9m a lideran\u00e7a em seu segmento por estar sempre em busca de pioneirismo e inova\u00e7\u00e3o, acompanhando&hellip;<\/p>\n","protected":false},"author":1,"featured_media":0,"parent":0,"menu_order":0,"comment_status":"closed","ping_status":"closed","template":"","meta":[],"_links":{"self":[{"href":"https:\/\/www.cooxupe.com.br\/exportacao\/wp-json\/wp\/v2\/pages\/15"}],"collection":[{"href":"https:\/\/www.cooxupe.com.br\/exportacao\/wp-json\/wp\/v2\/pages"}],"about":[{"href":"https:\/\/www.cooxupe.com.br\/exportacao\/wp-json\/wp\/v2\/types\/page"}],"author":[{"embeddable":true,"href":"https:\/\/www.cooxupe.com.br\/exportacao\/wp-json\/wp\/v2\/users\/1"}],"replies":[{"embeddable":true,"href":"https:\/\/www.cooxupe.com.br\/exportacao\/wp-json\/wp\/v2\/comments?post=15"}],"version-history":[{"count":1,"href":"https:\/\/www.cooxupe.com.br\/exportacao\/wp-json\/wp\/v2\/pages\/15\/revisions"}],"predecessor-version":[{"id":443,"href":"https:\/\/www.cooxupe.com.br\/exportacao\/wp-json\/wp\/v2\/pages\/15\/revisions\/443"}],"wp:attachment":[{"href":"https:\/\/www.cooxupe.com.br\/exportacao\/wp-json\/wp\/v2\/media?parent=15"}],"curies":[{"name":"wp","href":"https:\/\/api.w.org\/{rel}","templated":true}]}}