{"id":17,"date":"2016-09-28T18:59:45","date_gmt":"2016-09-28T21:59:45","guid":{"rendered":"http:\/\/127.0.0.1:8080\/cooxupe\/exportacao\/?page_id=17"},"modified":"2021-10-29T16:02:35","modified_gmt":"2021-10-29T19:02:35","slug":"industrias-de-preparo","status":"publish","type":"page","link":"https:\/\/www.cooxupe.com.br\/exportacao\/industrias-de-preparo\/","title":{"rendered":"Ind\u00fastrias de preparo"},"content":{"rendered":"\n\n\t\t\t\t<img loading=\"lazy\" src=\"https:\/\/www.cooxupe.com.br\/exportacao\/wp-content\/uploads\/2021\/10\/ind2.jpg\" alt=\"ind2\" itemprop=\"image\" height=\"688\" width=\"2000\" title=\"ind2\" onerror=\"this.style.display='none'\"  \/>\n<h2>\n\t\tind\u00fastrias<br \/><b>de<\/b><br \/>preparo\n\t<\/h2>\n\t\t\t\t\t<a href=\"#\" id=\"fl-tabs--label-0\" data-index=\"0\" aria-selected=\"true\" aria-controls=\"fl-tabs--panel-0\" aria-expanded=\"true\" role=\"tab\" tabindex=\"0\">\t\t\t\tInd\u00fastrias de preparo\t\t\t<\/a>\n\t\t\t\t\t<a href=\"#\" id=\"fl-tabs--label-1\" data-index=\"1\" aria-selected=\"false\" aria-controls=\"fl-tabs--panel-1\" aria-expanded=\"false\" role=\"tab\" tabindex=\"0\">\t\t\t\tO preparo do gr\u00e3o\t\t\t<\/a>\n\t\t\t\tInd\u00fastrias de preparo\n\t\t\t\t\t\t\t<h3>Ind\u00fastrias de preparo<\/h3>\n<p>A COOXUP\u00c9 CONTA COM 3 UNIDADES INDUSTRIAIS E UNIDADES DE RECEBIMENTO DE CAF\u00c9 QUE ATUAM EM MAIS DE 200 MUNIC\u00cdPIOS.<\/p>\n<p>Inaugurado em 2012, o Complexo Industrial e de Armazenagem Japy est\u00e1 situado em Guaxup\u00e9, MG, e trouxe inova\u00e7\u00e3o na log\u00edstica da cadeia produtiva do caf\u00e9. Uma delas \u00e9 a possibilidade do produtor entregar o caf\u00e9 a granel, iniciativa que trouxe redu\u00e7\u00e3o de custos e mais qualidade para a atividade cafeeira. Ainda no Japy o caf\u00e9 \u00e9 beneficiado nas usinas de preparo para a forma\u00e7\u00e3o dos blends para exporta\u00e7\u00e3o. O empreendimento ainda conta com um REDEX &#8211; Recinto Especial para Despacho Aduaneiro de Exporta\u00e7\u00e3o, agilizando o processo de expedi\u00e7\u00e3o dos cont\u00eaineres ao Porto de Santos.<\/p>\n<p>Al\u00e9m do Complexo, a Cooxup\u00e9 mant\u00e9m outras duas unidades industriais de preparo de caf\u00e9 (em Guaxup\u00e9 e em Monte Carmelo), pontos estrat\u00e9gicos de sua \u00e1rea de atua\u00e7\u00e3o. Esta estrutura garante o fornecimento do caf\u00e9 de forma ininterrupta para os mercados brasileiro e internacional.<\/p>\n<p>A Cooxup\u00e9 exporta para 49 pa\u00edses de cinco continentes. Para as exporta\u00e7\u00f5es, a Cooxup\u00e9 mant\u00e9m um escrit\u00f3rio na cidade de Santos\/SP.<\/p>\n\t\t\t\tO preparo do gr\u00e3o\n\t\t\t\t\t\t\t<h3>O preparo do gr\u00e3o<\/h3>\n<p>Pesquisas, gest\u00e3o eficiente e qualidade do caf\u00e9. Para conseguir manter os mais altos padr\u00f5es de qualidade do caf\u00e9 em larga escala, a Cooxup\u00e9 investe em usinas de preparo, maquin\u00e1rios de \u00faltima tecnologia e infraestrutura pioneira. A cooperativa foi umas das primeiras a adotar a graneliza\u00e7\u00e3o, retirando as sacas de juta do processo de recebimento do gr\u00e3o em seus armaz\u00e9ns. Importante decis\u00e3o, reduzindo custos, gerando seguran\u00e7a aos cooperados e colaboradores.<\/p>\n<p>No per\u00edodo entre 2012 e 2015, foram investidos mais de R$ 100 milh\u00f5es na constru\u00e7\u00e3o e amplia\u00e7\u00e3o do Complexo Industrial Japy, tanto na estrutura predial quanto em maquin\u00e1rios espec\u00edficos. <\/p>\n\n","protected":false},"excerpt":{"rendered":"<p>ind\u00fastriasdepreparo Ind\u00fastrias de preparo O preparo do gr\u00e3o Ind\u00fastrias de preparo Ind\u00fastrias de preparo A COOXUP\u00c9 CONTA COM 3 UNIDADES INDUSTRIAIS E UNIDADES DE RECEBIMENTO DE CAF\u00c9 QUE ATUAM EM MAIS DE 200 MUNIC\u00cdPIOS. Inaugurado em 2012, o Complexo Industrial e de Armazenagem Japy est\u00e1 situado em Guaxup\u00e9, MG, e trouxe inova\u00e7\u00e3o na log\u00edstica da&hellip;<\/p>\n","protected":false},"author":1,"featured_media":0,"parent":0,"menu_order":0,"comment_status":"closed","ping_status":"closed","template":"","meta":[],"_links":{"self":[{"href":"https:\/\/www.cooxupe.com.br\/exportacao\/wp-json\/wp\/v2\/pages\/17"}],"collection":[{"href":"https:\/\/www.cooxupe.com.br\/exportacao\/wp-json\/wp\/v2\/pages"}],"about":[{"href":"https:\/\/www.cooxupe.com.br\/exportacao\/wp-json\/wp\/v2\/types\/page"}],"author":[{"embeddable":true,"href":"https:\/\/www.cooxupe.com.br\/exportacao\/wp-json\/wp\/v2\/users\/1"}],"replies":[{"embeddable":true,"href":"https:\/\/www.cooxupe.com.br\/exportacao\/wp-json\/wp\/v2\/comments?post=17"}],"version-history":[{"count":2,"href":"https:\/\/www.cooxupe.com.br\/exportacao\/wp-json\/wp\/v2\/pages\/17\/revisions"}],"predecessor-version":[{"id":445,"href":"https:\/\/www.cooxupe.com.br\/exportacao\/wp-json\/wp\/v2\/pages\/17\/revisions\/445"}],"wp:attachment":[{"href":"https:\/\/www.cooxupe.com.br\/exportacao\/wp-json\/wp\/v2\/media?parent=17"}],"curies":[{"name":"wp","href":"https:\/\/api.w.org\/{rel}","templated":true}]}}