{"id":21,"date":"2016-09-28T19:00:06","date_gmt":"2016-09-28T22:00:06","guid":{"rendered":"http:\/\/127.0.0.1:8080\/cooxupe\/exportacao\/?page_id=21"},"modified":"2021-10-29T16:14:53","modified_gmt":"2021-10-29T19:14:53","slug":"exportacao","status":"publish","type":"page","link":"https:\/\/www.cooxupe.com.br\/exportacao\/exportacao\/","title":{"rendered":"Exporta\u00e7\u00e3o"},"content":{"rendered":"\n\n\t\t\t<img loading='false' src=\"https:\/\/www.cooxupe.com.br\/exportacao\/wp-content\/uploads\/2021\/10\/destaque-exportacao.jpg\" alt=\"\" \/>\t\t\t\n<h2>\n\t\texpor<br \/><b>ta\u00e7\u00e3o<\/b>\n\t<\/h2>\n\t\t\t\t\t<a href=\"#\" id=\"fl-tabs--label-0\" data-index=\"0\" aria-selected=\"true\" aria-controls=\"fl-tabs--panel-0\" aria-expanded=\"true\" role=\"tab\" tabindex=\"0\">\t\t\t\tExporta\u00e7\u00e3o\t\t\t<\/a>\n\t\t\t\t\t<a href=\"#\" id=\"fl-tabs--label-1\" data-index=\"1\" aria-selected=\"false\" aria-controls=\"fl-tabs--panel-1\" aria-expanded=\"false\" role=\"tab\" tabindex=\"0\">\t\t\t\tLog\u00edstica\t\t\t<\/a>\n\t\t\t\tExporta\u00e7\u00e3o\n\t\t\t\t\t\t\t<h3>Exporta\u00e7\u00e3o<\/h3>\n<p>A produ\u00e7\u00e3o de caf\u00e9 ar\u00e1bica da Cooxup\u00e9 \u00e9 exportada para 49 pa\u00edses em cinco continentes. No ranking das exporta\u00e7\u00f5es do caf\u00e9, a cooperativa \u00e9 a que mais exporta entre as empresas em opera\u00e7\u00e3o no Brasil por sete\u00a0anos seguidos. As exporta\u00e7\u00f5es respondem por mais de 60% das atividades da Cooxup\u00e9.<\/p>\n<p>Os investimentos s\u00e3o permanentes para agilidade e seguran\u00e7a nos processos. Um deles foi a instala\u00e7\u00e3o de um REDEX &#8211; Recinto Especial para Despacho Aduaneiro dentro do Complexo Industrial e de Armazenagem Japy. Os cont\u00eaineres j\u00e1 saem devidamente lacrados e autorizados pelo \u00f3rg\u00e3o da Receita Federal para serem embarcados no Porto de Santos. Ainda na cidade santista, a cooperativa mant\u00e9m um escrit\u00f3rio focado em exporta\u00e7\u00e3o.<\/p>\n<p>Al\u00e9m do Complexo Japy, o N\u00facleo de Monte Carmelo, cidade localizada no cerrado de Minas Gerais, tamb\u00e9m conta com estrutura para que o caf\u00e9 daquela regi\u00e3o sigam at\u00e9 o Porto para exporta\u00e7\u00e3o. Este n\u00facleo recebe 30% do caf\u00e9 comercializado pela Cooxup\u00e9.<\/p>\n\t\t\t\tLog\u00edstica\n\t\t\t\t\t\t\t<h3>Log\u00edstica<\/h3>\n<p>A Cooxup\u00e9 investe em tecnologia de ponta trazendo inova\u00e7\u00e3o em seus processos e aos importadores do caf\u00e9. Para isso, a cooperativa realiza cinco tipos de embarques, sendo:<\/p>\n<p>&#8211; Granel<br \/>&#8211; Bag<br \/>&#8211; Sacaria de Juta <br \/>&#8211; Sacaria de Papel<br \/>&#8211; Sacaria Polipropileno<\/p>\n<p>Essas op\u00e7\u00f5es v\u00eam ao encontro das necessidades do mercado, oferecendo mais seguran\u00e7a, maior capacidade de embarque do produto e redu\u00e7\u00e3o de custos aos clientes da Cooxup\u00e9. <\/p>\n\n","protected":false},"excerpt":{"rendered":"<p>exporta\u00e7\u00e3o Exporta\u00e7\u00e3o Log\u00edstica Exporta\u00e7\u00e3o Exporta\u00e7\u00e3o A produ\u00e7\u00e3o de caf\u00e9 ar\u00e1bica da Cooxup\u00e9 \u00e9 exportada para 49 pa\u00edses em cinco continentes. No ranking das exporta\u00e7\u00f5es do caf\u00e9, a cooperativa \u00e9 a que mais exporta entre as empresas em opera\u00e7\u00e3o no Brasil por sete\u00a0anos seguidos. As exporta\u00e7\u00f5es respondem por mais de 60% das atividades da Cooxup\u00e9. Os&hellip;<\/p>\n","protected":false},"author":1,"featured_media":0,"parent":0,"menu_order":0,"comment_status":"closed","ping_status":"closed","template":"","meta":[],"_links":{"self":[{"href":"https:\/\/www.cooxupe.com.br\/exportacao\/wp-json\/wp\/v2\/pages\/21"}],"collection":[{"href":"https:\/\/www.cooxupe.com.br\/exportacao\/wp-json\/wp\/v2\/pages"}],"about":[{"href":"https:\/\/www.cooxupe.com.br\/exportacao\/wp-json\/wp\/v2\/types\/page"}],"author":[{"embeddable":true,"href":"https:\/\/www.cooxupe.com.br\/exportacao\/wp-json\/wp\/v2\/users\/1"}],"replies":[{"embeddable":true,"href":"https:\/\/www.cooxupe.com.br\/exportacao\/wp-json\/wp\/v2\/comments?post=21"}],"version-history":[{"count":2,"href":"https:\/\/www.cooxupe.com.br\/exportacao\/wp-json\/wp\/v2\/pages\/21\/revisions"}],"predecessor-version":[{"id":450,"href":"https:\/\/www.cooxupe.com.br\/exportacao\/wp-json\/wp\/v2\/pages\/21\/revisions\/450"}],"wp:attachment":[{"href":"https:\/\/www.cooxupe.com.br\/exportacao\/wp-json\/wp\/v2\/media?parent=21"}],"curies":[{"name":"wp","href":"https:\/\/api.w.org\/{rel}","templated":true}]}}