{"id":59,"date":"2016-09-28T18:35:13","date_gmt":"2016-09-28T21:35:13","guid":{"rendered":"http:\/\/127.0.0.1:8080\/cooxupe\/exportacao\/?page_id=7"},"modified":"2021-10-29T15:21:07","modified_gmt":"2021-10-29T18:21:07","slug":"home","status":"publish","type":"page","link":"https:\/\/www.cooxupe.com.br\/exportacao\/","title":{"rendered":"Home"},"content":{"rendered":"\n\n    <a href=\"https:\/\/www.cooxupe.com.br\/exportacao\/quem-somos\/\">\n        <img src=\"https:\/\/www.cooxupe.com.br\/exportacao\/wp-content\/uploads\/2021\/10\/quem-somos-img.jpg\"\/>\n    <\/a>\n        <a href=\"https:\/\/www.cooxupe.com.br\/exportacao\/quem-somos\/\">\n            <b>quem<\/b><br \/>somos\n        <\/a>\n    <a href=\"https:\/\/www.cooxupe.com.br\/exportacao\/cafe-de-alto-padrao\/\">\n        <img src=\"https:\/\/www.cooxupe.com.br\/exportacao\/wp-content\/uploads\/2021\/10\/origem-cafe-img.jpg\"\/>\n    <\/a>\n        <a href=\"https:\/\/www.cooxupe.com.br\/exportacao\/cafe-de-alto-padrao\/\">\n            <b>caf\u00e9 de<\/b><br \/>alto padr\u00e3o\n        <\/a>\n    <a href=\"https:\/\/www.cooxupe.com.br\/exportacao\/industrias-de-preparo\/\">\n        <img src=\"https:\/\/www.cooxupe.com.br\/exportacao\/wp-content\/uploads\/2021\/10\/industria-preparo-pagina-principal-2.jpg\"\/>\n    <\/a>\n        <a href=\"https:\/\/www.cooxupe.com.br\/exportacao\/industrias-de-preparo\/\">\n            <b>ind\u00fastrias<\/b><br \/>de preparo\n        <\/a>\n    <a href=\"https:\/\/www.cooxupe.com.br\/exportacao\/comercializacao\/\">\n        <img src=\"https:\/\/www.cooxupe.com.br\/exportacao\/wp-content\/uploads\/2021\/10\/comercializacao-img.jpg\"\/>\n    <\/a>\n        <a href=\"https:\/\/www.cooxupe.com.br\/exportacao\/comercializacao\/\">\n            <b>comercializa\u00e7\u00e3o<\/b>\n        <\/a>\n    <a href=\"https:\/\/www.cooxupe.com.br\/exportacao\/exportacao\/\">\n        <img src=\"https:\/\/www.cooxupe.com.br\/exportacao\/wp-content\/uploads\/2021\/10\/exportacao-img.jpg\"\/>\n    <\/a>\n        <a href=\"https:\/\/www.cooxupe.com.br\/exportacao\/exportacao\/\">\n            <b>exporta\u00e7\u00e3o<\/b>\n        <\/a>\n    <a href=\"https:\/\/www.cooxupe.com.br\/exportacao\/nossos-clientes\/\">\n        <img src=\"https:\/\/www.cooxupe.com.br\/exportacao\/wp-content\/uploads\/2021\/10\/sustentabilidade-img.jpg\"\/>\n    <\/a>\n        <a href=\"https:\/\/www.cooxupe.com.br\/exportacao\/nossos-clientes\/\">\n            <b>nossos<\/b><br \/>clientes\n        <\/a>\n    <a href=\"https:\/\/www.cooxupe.com.br\/exportacao\/controle-de-qualidade-e-analise-laboratorial\/\">\n        <img src=\"https:\/\/www.cooxupe.com.br\/exportacao\/wp-content\/uploads\/2021\/10\/CONTROLE-DE-QUALIDADE-CAPA.jpg\"\/>\n    <\/a>\n        <a href=\"https:\/\/www.cooxupe.com.br\/exportacao\/controle-de-qualidade-e-analise-laboratorial\/\">\n            <b>controle de qualidade<\/b><br \/>e an\u00e1lise laboratorial\n        <\/a>\n    <a href=\"https:\/\/www.cooxupe.com.br\/exportacao\/beneficios-aos-cooperados\/\">\n        <img src=\"https:\/\/www.cooxupe.com.br\/exportacao\/wp-content\/uploads\/2021\/10\/BENEFA\u008dCIOS-AOS-COOEPRADOS-CAPA.jpg\"\/>\n    <\/a>\n        <a href=\"https:\/\/www.cooxupe.com.br\/exportacao\/beneficios-aos-cooperados\/\">\n            <b>benef\u00edcios aos<\/b><br \/>cooperados\n        <\/a>\n\n","protected":false},"excerpt":{"rendered":"<p>quemsomos caf\u00e9 dealto padr\u00e3o ind\u00fastriasde preparo comercializa\u00e7\u00e3o exporta\u00e7\u00e3o nossosclientes controle de qualidadee an\u00e1lise laboratorial benef\u00edcios aoscooperados<\/p>\n","protected":false},"author":1,"featured_media":0,"parent":0,"menu_order":0,"comment_status":"closed","ping_status":"closed","template":"","meta":[],"_links":{"self":[{"href":"https:\/\/www.cooxupe.com.br\/exportacao\/wp-json\/wp\/v2\/pages\/59"}],"collection":[{"href":"https:\/\/www.cooxupe.com.br\/exportacao\/wp-json\/wp\/v2\/pages"}],"about":[{"href":"https:\/\/www.cooxupe.com.br\/exportacao\/wp-json\/wp\/v2\/types\/page"}],"author":[{"embeddable":true,"href":"https:\/\/www.cooxupe.com.br\/exportacao\/wp-json\/wp\/v2\/users\/1"}],"replies":[{"embeddable":true,"href":"https:\/\/www.cooxupe.com.br\/exportacao\/wp-json\/wp\/v2\/comments?post=59"}],"version-history":[{"count":11,"href":"https:\/\/www.cooxupe.com.br\/exportacao\/wp-json\/wp\/v2\/pages\/59\/revisions"}],"predecessor-version":[{"id":438,"href":"https:\/\/www.cooxupe.com.br\/exportacao\/wp-json\/wp\/v2\/pages\/59\/revisions\/438"}],"wp:attachment":[{"href":"https:\/\/www.cooxupe.com.br\/exportacao\/wp-json\/wp\/v2\/media?parent=59"}],"curies":[{"name":"wp","href":"https:\/\/api.w.org\/{rel}","templated":true}]}}