{"id":125,"date":"2025-01-22T16:30:19","date_gmt":"2025-01-22T19:30:19","guid":{"rendered":"https:\/\/www.cooxupe.com.br\/femagri\/?page_id=125"},"modified":"2026-01-27T12:23:28","modified_gmt":"2026-01-27T15:23:28","slug":"cooxupe","status":"publish","type":"page","link":"https:\/\/www.cooxupe.com.br\/femagri\/cooxupe\/","title":{"rendered":"Cooxup\u00e9"},"content":{"rendered":"<p>[et_pb_section fb_built=&#8221;1&#8243; custom_padding_last_edited=&#8221;on|phone&#8221; _builder_version=&#8221;4.27.5&#8243; _module_preset=&#8221;default&#8221; background_color=&#8221;#f8a735&#8243; background_enable_image=&#8221;off&#8221; background_position=&#8221;top_center&#8221; custom_padding=&#8221;0px||0px||false|false&#8221; custom_padding_tablet=&#8221;0px||0px||false|false&#8221; custom_padding_phone=&#8221;0px||0px||false|false&#8221; global_module=&#8221;123&#8243; saved_tabs=&#8221;all&#8221; global_colors_info=&#8221;{}&#8221;][et_pb_row _builder_version=&#8221;4.27.4&#8243; _module_preset=&#8221;default&#8221; custom_padding=&#8221;||||false|false&#8221; global_colors_info=&#8221;{}&#8221;][et_pb_column type=&#8221;4_4&#8243; _builder_version=&#8221;4.27.4&#8243; _module_preset=&#8221;default&#8221; global_colors_info=&#8221;{}&#8221;][et_pb_image src=&#8221;https:\/\/www.cooxupe.com.br\/femagri\/wp-content\/uploads\/2026\/01\/LOGO-FEMAGRI-2026-1.png&#8221; title_text=&#8221;LOGO FEMAGRI 2026&#8243; url=&#8221;@ET-DC@eyJkeW5hbWljIjp0cnVlLCJjb250ZW50IjoiaG9tZV91cmwiLCJzZXR0aW5ncyI6e319@&#8221; align=&#8221;center&#8221; _builder_version=&#8221;4.27.5&#8243; _dynamic_attributes=&#8221;url&#8221; _module_preset=&#8221;default&#8221; width=&#8221;29%&#8221; width_tablet=&#8221;60%&#8221; width_phone=&#8221;83%&#8221; width_last_edited=&#8221;on|tablet&#8221; global_colors_info=&#8221;{}&#8221;][\/et_pb_image][\/et_pb_column][\/et_pb_row][\/et_pb_section][et_pb_section fb_built=&#8221;1&#8243; custom_padding_last_edited=&#8221;on|tablet&#8221; _builder_version=&#8221;4.27.5&#8243; _module_preset=&#8221;default&#8221; background_color=&#8221;#185b00&#8243; custom_padding=&#8221;0px||0px||false|false&#8221; custom_padding_tablet=&#8221;0px||0px||false|false&#8221; custom_padding_phone=&#8221;0px||0px||false|false&#8221; hover_enabled=&#8221;0&#8243; global_colors_info=&#8221;{}&#8221; sticky_enabled=&#8221;0&#8243;][et_pb_row _builder_version=&#8221;4.27.4&#8243; _module_preset=&#8221;default&#8221; custom_padding=&#8221;10px||10px||false|false&#8221; global_colors_info=&#8221;{}&#8221;][et_pb_column type=&#8221;4_4&#8243; _builder_version=&#8221;4.27.4&#8243; _module_preset=&#8221;default&#8221; global_colors_info=&#8221;{}&#8221;][et_pb_text _builder_version=&#8221;4.27.5&#8243; _module_preset=&#8221;default&#8221; text_font=&#8221;|800|||||||&#8221; text_text_color=&#8221;#f8a735&#8243; text_font_size=&#8221;25px&#8221; text_orientation=&#8221;center&#8221; custom_margin_tablet=&#8221;||||false|false&#8221; custom_margin_phone=&#8221;||||false|false&#8221; custom_margin_last_edited=&#8221;on|tablet&#8221; custom_padding_tablet=&#8221;||||false|false&#8221; custom_padding_phone=&#8221;||||false|false&#8221; custom_padding_last_edited=&#8221;on|tablet&#8221; hover_enabled=&#8221;0&#8243; text_font_size_tablet=&#8221;25px&#8221; text_font_size_phone=&#8221;22px&#8221; text_font_size_last_edited=&#8221;on|phone&#8221; text_orientation_tablet=&#8221;center&#8221; text_orientation_phone=&#8221;center&#8221; text_orientation_last_edited=&#8221;on|tablet&#8221; global_colors_info=&#8221;{}&#8221; sticky_enabled=&#8221;0&#8243;]<\/p>\n<p>COOXUP\u00c9<\/p>\n<p>[\/et_pb_text][\/et_pb_column][\/et_pb_row][\/et_pb_section][et_pb_section fb_built=&#8221;1&#8243; custom_padding_last_edited=&#8221;on|tablet&#8221; _builder_version=&#8221;4.27.4&#8243; _module_preset=&#8221;default&#8221; background_enable_color=&#8221;off&#8221; custom_padding=&#8221;||||false|false&#8221; custom_padding_tablet=&#8221;0px||0px||false|false&#8221; custom_padding_phone=&#8221;0px||0px||false|false&#8221; global_colors_info=&#8221;{}&#8221;][et_pb_row _builder_version=&#8221;4.27.4&#8243; _module_preset=&#8221;default&#8221; custom_padding=&#8221;||||false|false&#8221; global_colors_info=&#8221;{}&#8221;][et_pb_column type=&#8221;4_4&#8243; _builder_version=&#8221;4.27.4&#8243; _module_preset=&#8221;default&#8221; global_colors_info=&#8221;{}&#8221;][et_pb_text _builder_version=&#8221;4.27.4&#8243; _module_preset=&#8221;default&#8221; text_font=&#8221;||||||||&#8221; custom_margin_tablet=&#8221;||||false|false&#8221; custom_margin_phone=&#8221;||||false|false&#8221; custom_margin_last_edited=&#8221;on|tablet&#8221; custom_padding_tablet=&#8221;||||false|false&#8221; custom_padding_phone=&#8221;||||false|false&#8221; custom_padding_last_edited=&#8221;on|tablet&#8221; text_font_size_tablet=&#8221;&#8221; text_font_size_phone=&#8221;15px&#8221; text_font_size_last_edited=&#8221;on|phone&#8221; text_orientation_tablet=&#8221;left&#8221; text_orientation_phone=&#8221;left&#8221; text_orientation_last_edited=&#8221;on|tablet&#8221; global_colors_info=&#8221;{}&#8221;]<\/p>\n<p><strong>A FEMAGRI \u00e9 fruto da grandeza da Cooxup\u00e9.<\/strong><\/p>\n<p>A origem da Cooxup\u00e9 data de 1932, com a funda\u00e7\u00e3o de uma Cooperativa de Cr\u00e9dito Agr\u00edcola, transformada em 1957 em Cooperativa de Cafeicultores. Em 2024 a Cooxup\u00e9 completa 92 anos de cooperativismo e 67 anos em atividades de recebimento, processamento e comercializa\u00e7\u00e3o de caf\u00e9.<\/p>\n<p>Atualmente conta com mais de 19.000 cooperados e mais de 2.600 colaboradores, recebendo caf\u00e9 produzido em mais de 300 munic\u00edpios localizados nas regi\u00f5es Sul de Minas, Alto Parana\u00edba (Cerrado Mineiro), Matas de Minas e Vale do Rio Pardo, no estado de S\u00e3o Paulo.<\/p>\n<p>[\/et_pb_text][\/et_pb_column][\/et_pb_row][\/et_pb_section][et_pb_section fb_built=&#8221;1&#8243; custom_padding_last_edited=&#8221;on|tablet&#8221; _builder_version=&#8221;4.27.4&#8243; _module_preset=&#8221;default&#8221; background_color=&#8221;rgba(255,202,114,0.21)&#8221; custom_padding=&#8221;||||false|false&#8221; custom_padding_tablet=&#8221;0px||0px||false|false&#8221; custom_padding_phone=&#8221;0px||0px||false|false&#8221; global_colors_info=&#8221;{}&#8221;][et_pb_row _builder_version=&#8221;4.27.4&#8243; _module_preset=&#8221;default&#8221; custom_padding=&#8221;||||false|false&#8221; global_colors_info=&#8221;{}&#8221;][et_pb_column type=&#8221;4_4&#8243; _builder_version=&#8221;4.27.4&#8243; _module_preset=&#8221;default&#8221; global_colors_info=&#8221;{}&#8221;][et_pb_image src=&#8221;https:\/\/www.cooxupe.com.br\/femagri\/wp-content\/uploads\/2025\/01\/Painel.jpg&#8221; _builder_version=&#8221;4.27.4&#8243; _module_preset=&#8221;default&#8221; global_colors_info=&#8221;{}&#8221;][\/et_pb_image][\/et_pb_column][\/et_pb_row][\/et_pb_section]<\/p>\n","protected":false},"excerpt":{"rendered":"<p>COOXUP\u00c9A FEMAGRI \u00e9 fruto da grandeza da Cooxup\u00e9. A origem da Cooxup\u00e9 data de 1932, com a funda\u00e7\u00e3o de uma Cooperativa de Cr\u00e9dito Agr\u00edcola, transformada em 1957 em Cooperativa de Cafeicultores. Em 2024 a Cooxup\u00e9 completa 92 anos de cooperativismo e 67 anos em atividades de recebimento, processamento e comercializa\u00e7\u00e3o de caf\u00e9. Atualmente conta com [&hellip;]<\/p>\n","protected":false},"author":1,"featured_media":0,"parent":0,"menu_order":0,"comment_status":"closed","ping_status":"closed","template":"","meta":{"_et_pb_use_builder":"on","_et_pb_old_content":"","_et_gb_content_width":"","footnotes":""},"class_list":["post-125","page","type-page","status-publish","hentry"],"yoast_head":"<!-- This site is optimized with the Yoast SEO plugin v27.4 - https:\/\/yoast.com\/product\/yoast-seo-wordpress\/ -->\n<title>Cooxup\u00e9 - Femagri<\/title>\n<meta name=\"robots\" content=\"index, follow, max-snippet:-1, max-image-preview:large, max-video-preview:-1\" \/>\n<link rel=\"canonical\" href=\"https:\/\/www.cooxupe.com.br\/femagri\/cooxupe\/\" \/>\n<meta property=\"og:locale\" content=\"pt_BR\" \/>\n<meta property=\"og:type\" content=\"article\" \/>\n<meta property=\"og:title\" content=\"Cooxup\u00e9 - Femagri\" \/>\n<meta property=\"og:description\" content=\"COOXUP\u00c9A FEMAGRI \u00e9 fruto da grandeza da Cooxup\u00e9. A origem da Cooxup\u00e9 data de 1932, com a funda\u00e7\u00e3o de uma Cooperativa de Cr\u00e9dito Agr\u00edcola, transformada em 1957 em Cooperativa de Cafeicultores. Em 2024 a Cooxup\u00e9 completa 92 anos de cooperativismo e 67 anos em atividades de recebimento, processamento e comercializa\u00e7\u00e3o de caf\u00e9. Atualmente conta com [&hellip;]\" \/>\n<meta property=\"og:url\" content=\"https:\/\/www.cooxupe.com.br\/femagri\/cooxupe\/\" \/>\n<meta property=\"og:site_name\" content=\"Femagri\" \/>\n<meta property=\"article:modified_time\" content=\"2026-01-27T15:23:28+00:00\" \/>\n<meta name=\"twitter:card\" content=\"summary_large_image\" \/>\n<meta name=\"twitter:label1\" content=\"Est. tempo de leitura\" \/>\n\t<meta name=\"twitter:data1\" content=\"3 minutos\" \/>\n<script type=\"application\/ld+json\" class=\"yoast-schema-graph\">{\"@context\":\"https:\\\/\\\/schema.org\",\"@graph\":[{\"@type\":\"WebPage\",\"@id\":\"https:\\\/\\\/www.cooxupe.com.br\\\/femagri\\\/cooxupe\\\/\",\"url\":\"https:\\\/\\\/www.cooxupe.com.br\\\/femagri\\\/cooxupe\\\/\",\"name\":\"Cooxup\u00e9 - Femagri\",\"isPartOf\":{\"@id\":\"https:\\\/\\\/www.cooxupe.com.br\\\/femagri\\\/#website\"},\"datePublished\":\"2025-01-22T19:30:19+00:00\",\"dateModified\":\"2026-01-27T15:23:28+00:00\",\"breadcrumb\":{\"@id\":\"https:\\\/\\\/www.cooxupe.com.br\\\/femagri\\\/cooxupe\\\/#breadcrumb\"},\"inLanguage\":\"pt-BR\",\"potentialAction\":[{\"@type\":\"ReadAction\",\"target\":[\"https:\\\/\\\/www.cooxupe.com.br\\\/femagri\\\/cooxupe\\\/\"]}]},{\"@type\":\"BreadcrumbList\",\"@id\":\"https:\\\/\\\/www.cooxupe.com.br\\\/femagri\\\/cooxupe\\\/#breadcrumb\",\"itemListElement\":[{\"@type\":\"ListItem\",\"position\":1,\"name\":\"In\u00edcio\",\"item\":\"https:\\\/\\\/www.cooxupe.com.br\\\/femagri\\\/\"},{\"@type\":\"ListItem\",\"position\":2,\"name\":\"Cooxup\u00e9\"}]},{\"@type\":\"WebSite\",\"@id\":\"https:\\\/\\\/www.cooxupe.com.br\\\/femagri\\\/#website\",\"url\":\"https:\\\/\\\/www.cooxupe.com.br\\\/femagri\\\/\",\"name\":\"Feira do Cerrado\",\"description\":\"Feira de m\u00e1quinas, implementos e insumos agr\u00edcolas\",\"publisher\":{\"@id\":\"https:\\\/\\\/www.cooxupe.com.br\\\/femagri\\\/#organization\"},\"potentialAction\":[{\"@type\":\"SearchAction\",\"target\":{\"@type\":\"EntryPoint\",\"urlTemplate\":\"https:\\\/\\\/www.cooxupe.com.br\\\/femagri\\\/?s={search_term_string}\"},\"query-input\":{\"@type\":\"PropertyValueSpecification\",\"valueRequired\":true,\"valueName\":\"search_term_string\"}}],\"inLanguage\":\"pt-BR\"},{\"@type\":\"Organization\",\"@id\":\"https:\\\/\\\/www.cooxupe.com.br\\\/femagri\\\/#organization\",\"name\":\"Feira do Cerrado\",\"url\":\"https:\\\/\\\/www.cooxupe.com.br\\\/femagri\\\/\",\"logo\":{\"@type\":\"ImageObject\",\"inLanguage\":\"pt-BR\",\"@id\":\"https:\\\/\\\/www.cooxupe.com.br\\\/femagri\\\/#\\\/schema\\\/logo\\\/image\\\/\",\"url\":\"https:\\\/\\\/www.cooxupe.com.br\\\/femagri\\\/wp-content\\\/uploads\\\/2025\\\/01\\\/logo2025.png\",\"contentUrl\":\"https:\\\/\\\/www.cooxupe.com.br\\\/femagri\\\/wp-content\\\/uploads\\\/2025\\\/01\\\/logo2025.png\",\"width\":1309,\"height\":572,\"caption\":\"Feira do Cerrado\"},\"image\":{\"@id\":\"https:\\\/\\\/www.cooxupe.com.br\\\/femagri\\\/#\\\/schema\\\/logo\\\/image\\\/\"}}]}<\/script>\n<!-- \/ Yoast SEO plugin. -->","yoast_head_json":{"title":"Cooxup\u00e9 - Femagri","robots":{"index":"index","follow":"follow","max-snippet":"max-snippet:-1","max-image-preview":"max-image-preview:large","max-video-preview":"max-video-preview:-1"},"canonical":"https:\/\/www.cooxupe.com.br\/femagri\/cooxupe\/","og_locale":"pt_BR","og_type":"article","og_title":"Cooxup\u00e9 - Femagri","og_description":"COOXUP\u00c9A FEMAGRI \u00e9 fruto da grandeza da Cooxup\u00e9. A origem da Cooxup\u00e9 data de 1932, com a funda\u00e7\u00e3o de uma Cooperativa de Cr\u00e9dito Agr\u00edcola, transformada em 1957 em Cooperativa de Cafeicultores. Em 2024 a Cooxup\u00e9 completa 92 anos de cooperativismo e 67 anos em atividades de recebimento, processamento e comercializa\u00e7\u00e3o de caf\u00e9. Atualmente conta com [&hellip;]","og_url":"https:\/\/www.cooxupe.com.br\/femagri\/cooxupe\/","og_site_name":"Femagri","article_modified_time":"2026-01-27T15:23:28+00:00","twitter_card":"summary_large_image","twitter_misc":{"Est. tempo de leitura":"3 minutos"},"schema":{"@context":"https:\/\/schema.org","@graph":[{"@type":"WebPage","@id":"https:\/\/www.cooxupe.com.br\/femagri\/cooxupe\/","url":"https:\/\/www.cooxupe.com.br\/femagri\/cooxupe\/","name":"Cooxup\u00e9 - Femagri","isPartOf":{"@id":"https:\/\/www.cooxupe.com.br\/femagri\/#website"},"datePublished":"2025-01-22T19:30:19+00:00","dateModified":"2026-01-27T15:23:28+00:00","breadcrumb":{"@id":"https:\/\/www.cooxupe.com.br\/femagri\/cooxupe\/#breadcrumb"},"inLanguage":"pt-BR","potentialAction":[{"@type":"ReadAction","target":["https:\/\/www.cooxupe.com.br\/femagri\/cooxupe\/"]}]},{"@type":"BreadcrumbList","@id":"https:\/\/www.cooxupe.com.br\/femagri\/cooxupe\/#breadcrumb","itemListElement":[{"@type":"ListItem","position":1,"name":"In\u00edcio","item":"https:\/\/www.cooxupe.com.br\/femagri\/"},{"@type":"ListItem","position":2,"name":"Cooxup\u00e9"}]},{"@type":"WebSite","@id":"https:\/\/www.cooxupe.com.br\/femagri\/#website","url":"https:\/\/www.cooxupe.com.br\/femagri\/","name":"Feira do Cerrado","description":"Feira de m\u00e1quinas, implementos e insumos agr\u00edcolas","publisher":{"@id":"https:\/\/www.cooxupe.com.br\/femagri\/#organization"},"potentialAction":[{"@type":"SearchAction","target":{"@type":"EntryPoint","urlTemplate":"https:\/\/www.cooxupe.com.br\/femagri\/?s={search_term_string}"},"query-input":{"@type":"PropertyValueSpecification","valueRequired":true,"valueName":"search_term_string"}}],"inLanguage":"pt-BR"},{"@type":"Organization","@id":"https:\/\/www.cooxupe.com.br\/femagri\/#organization","name":"Feira do Cerrado","url":"https:\/\/www.cooxupe.com.br\/femagri\/","logo":{"@type":"ImageObject","inLanguage":"pt-BR","@id":"https:\/\/www.cooxupe.com.br\/femagri\/#\/schema\/logo\/image\/","url":"https:\/\/www.cooxupe.com.br\/femagri\/wp-content\/uploads\/2025\/01\/logo2025.png","contentUrl":"https:\/\/www.cooxupe.com.br\/femagri\/wp-content\/uploads\/2025\/01\/logo2025.png","width":1309,"height":572,"caption":"Feira do Cerrado"},"image":{"@id":"https:\/\/www.cooxupe.com.br\/femagri\/#\/schema\/logo\/image\/"}}]}},"_links":{"self":[{"href":"https:\/\/www.cooxupe.com.br\/femagri\/wp-json\/wp\/v2\/pages\/125","targetHints":{"allow":["GET"]}}],"collection":[{"href":"https:\/\/www.cooxupe.com.br\/femagri\/wp-json\/wp\/v2\/pages"}],"about":[{"href":"https:\/\/www.cooxupe.com.br\/femagri\/wp-json\/wp\/v2\/types\/page"}],"author":[{"embeddable":true,"href":"https:\/\/www.cooxupe.com.br\/femagri\/wp-json\/wp\/v2\/users\/1"}],"replies":[{"embeddable":true,"href":"https:\/\/www.cooxupe.com.br\/femagri\/wp-json\/wp\/v2\/comments?post=125"}],"version-history":[{"count":5,"href":"https:\/\/www.cooxupe.com.br\/femagri\/wp-json\/wp\/v2\/pages\/125\/revisions"}],"predecessor-version":[{"id":1233,"href":"https:\/\/www.cooxupe.com.br\/femagri\/wp-json\/wp\/v2\/pages\/125\/revisions\/1233"}],"wp:attachment":[{"href":"https:\/\/www.cooxupe.com.br\/femagri\/wp-json\/wp\/v2\/media?parent=125"}],"curies":[{"name":"wp","href":"https:\/\/api.w.org\/{rel}","templated":true}]}}