{"id":133,"date":"2025-01-22T16:40:21","date_gmt":"2025-01-22T19:40:21","guid":{"rendered":"https:\/\/www.cooxupe.com.br\/femagri\/?page_id=133"},"modified":"2026-01-27T12:25:23","modified_gmt":"2026-01-27T15:25:23","slug":"utilidades","status":"publish","type":"page","link":"https:\/\/www.cooxupe.com.br\/femagri\/utilidades\/","title":{"rendered":"Utilidades"},"content":{"rendered":"<p>[et_pb_section fb_built=&#8221;1&#8243; custom_padding_last_edited=&#8221;on|phone&#8221; _builder_version=&#8221;4.27.5&#8243; _module_preset=&#8221;default&#8221; background_color=&#8221;#f8a735&#8243; background_enable_image=&#8221;off&#8221; background_position=&#8221;top_center&#8221; custom_padding=&#8221;0px||0px||false|false&#8221; custom_padding_tablet=&#8221;0px||0px||false|false&#8221; custom_padding_phone=&#8221;0px||0px||false|false&#8221; global_module=&#8221;123&#8243; saved_tabs=&#8221;all&#8221; global_colors_info=&#8221;{}&#8221;][et_pb_row _builder_version=&#8221;4.27.4&#8243; _module_preset=&#8221;default&#8221; custom_padding=&#8221;||||false|false&#8221; global_colors_info=&#8221;{}&#8221;][et_pb_column type=&#8221;4_4&#8243; _builder_version=&#8221;4.27.4&#8243; _module_preset=&#8221;default&#8221; global_colors_info=&#8221;{}&#8221;][et_pb_image src=&#8221;https:\/\/www.cooxupe.com.br\/femagri\/wp-content\/uploads\/2026\/01\/LOGO-FEMAGRI-2026-1.png&#8221; title_text=&#8221;LOGO FEMAGRI 2026&#8243; url=&#8221;@ET-DC@eyJkeW5hbWljIjp0cnVlLCJjb250ZW50IjoiaG9tZV91cmwiLCJzZXR0aW5ncyI6e319@&#8221; align=&#8221;center&#8221; _builder_version=&#8221;4.27.5&#8243; _dynamic_attributes=&#8221;url&#8221; _module_preset=&#8221;default&#8221; width=&#8221;29%&#8221; width_tablet=&#8221;60%&#8221; width_phone=&#8221;83%&#8221; width_last_edited=&#8221;on|tablet&#8221; global_colors_info=&#8221;{}&#8221;][\/et_pb_image][\/et_pb_column][\/et_pb_row][\/et_pb_section][et_pb_section fb_built=&#8221;1&#8243; custom_padding_last_edited=&#8221;on|tablet&#8221; _builder_version=&#8221;4.27.5&#8243; _module_preset=&#8221;default&#8221; background_color=&#8221;#185b00&#8243; custom_padding=&#8221;0px||0px||false|false&#8221; custom_padding_tablet=&#8221;0px||0px||false|false&#8221; custom_padding_phone=&#8221;0px||0px||false|false&#8221; hover_enabled=&#8221;0&#8243; global_colors_info=&#8221;{}&#8221; sticky_enabled=&#8221;0&#8243;][et_pb_row _builder_version=&#8221;4.27.4&#8243; _module_preset=&#8221;default&#8221; custom_padding=&#8221;10px||10px||false|false&#8221; global_colors_info=&#8221;{}&#8221;][et_pb_column type=&#8221;4_4&#8243; _builder_version=&#8221;4.27.4&#8243; _module_preset=&#8221;default&#8221; global_colors_info=&#8221;{}&#8221;][et_pb_text _builder_version=&#8221;4.27.5&#8243; _module_preset=&#8221;default&#8221; text_font=&#8221;|800|||||||&#8221; text_text_color=&#8221;#f8a735&#8243; text_font_size=&#8221;25px&#8221; text_orientation=&#8221;center&#8221; custom_margin_tablet=&#8221;||||false|false&#8221; custom_margin_phone=&#8221;||||false|false&#8221; custom_margin_last_edited=&#8221;on|tablet&#8221; custom_padding_tablet=&#8221;||||false|false&#8221; custom_padding_phone=&#8221;||||false|false&#8221; custom_padding_last_edited=&#8221;on|tablet&#8221; hover_enabled=&#8221;0&#8243; text_font_size_tablet=&#8221;25px&#8221; text_font_size_phone=&#8221;22px&#8221; text_font_size_last_edited=&#8221;on|phone&#8221; text_orientation_tablet=&#8221;center&#8221; text_orientation_phone=&#8221;center&#8221; text_orientation_last_edited=&#8221;on|tablet&#8221; global_colors_info=&#8221;{}&#8221; sticky_enabled=&#8221;0&#8243;]<\/p>\n<p>UTILIDADES<\/p>\n<p>[\/et_pb_text][\/et_pb_column][\/et_pb_row][\/et_pb_section][et_pb_section fb_built=&#8221;1&#8243; custom_padding_last_edited=&#8221;on|tablet&#8221; _builder_version=&#8221;4.27.4&#8243; _module_preset=&#8221;default&#8221; background_enable_color=&#8221;off&#8221; custom_padding=&#8221;||||false|false&#8221; custom_padding_tablet=&#8221;0px||0px||false|false&#8221; custom_padding_phone=&#8221;0px||0px||false|false&#8221; global_colors_info=&#8221;{}&#8221;][et_pb_row _builder_version=&#8221;4.27.4&#8243; _module_preset=&#8221;default&#8221; custom_padding=&#8221;||||false|false&#8221; global_colors_info=&#8221;{}&#8221;][et_pb_column type=&#8221;4_4&#8243; _builder_version=&#8221;4.27.4&#8243; _module_preset=&#8221;default&#8221; global_colors_info=&#8221;{}&#8221;][et_pb_text _builder_version=&#8221;4.27.4&#8243; _module_preset=&#8221;default&#8221; text_font=&#8221;|700|||||||&#8221; text_font_size=&#8221;20px&#8221; custom_margin_tablet=&#8221;||||false|false&#8221; custom_margin_phone=&#8221;||||false|false&#8221; custom_margin_last_edited=&#8221;on|tablet&#8221; custom_padding_tablet=&#8221;||||false|false&#8221; custom_padding_phone=&#8221;||||false|false&#8221; custom_padding_last_edited=&#8221;on|tablet&#8221; text_font_size_tablet=&#8221;&#8221; text_font_size_phone=&#8221;15px&#8221; text_font_size_last_edited=&#8221;on|phone&#8221; text_orientation_tablet=&#8221;left&#8221; text_orientation_phone=&#8221;left&#8221; text_orientation_last_edited=&#8221;on|tablet&#8221; global_colors_info=&#8221;{}&#8221;]<\/p>\n<p>Hot\u00e9is<\/p>\n<p>[\/et_pb_text][et_pb_text _builder_version=&#8221;4.27.4&#8243; _module_preset=&#8221;default&#8221; text_font=&#8221;||||||||&#8221; text_text_color=&#8221;rgba(0,0,0,0.6)&#8221; custom_margin_tablet=&#8221;||||false|false&#8221; custom_margin_phone=&#8221;||||false|false&#8221; custom_margin_last_edited=&#8221;on|tablet&#8221; custom_padding_tablet=&#8221;||||false|false&#8221; custom_padding_phone=&#8221;||||false|false&#8221; custom_padding_last_edited=&#8221;on|tablet&#8221; text_font_size_tablet=&#8221;&#8221; text_font_size_phone=&#8221;15px&#8221; text_font_size_last_edited=&#8221;on|phone&#8221; text_orientation_tablet=&#8221;left&#8221; text_orientation_phone=&#8221;left&#8221; text_orientation_last_edited=&#8221;on|tablet&#8221; global_colors_info=&#8221;{}&#8221;]<\/p>\n<p><span style=\"text-decoration: underline;\">Guaxup\u00e9:<\/span><\/p>\n<p><span><strong>Hotel Class<\/strong> &#8211; Rua Aparecida, 733 &#8211; (35) 3559-7200<\/span><br \/><span><strong>Hotel Marambaia<\/strong> &#8211; Rua Major Anacleto, 79 &#8211; (35) 3551-5500<\/span><br \/><span><strong>Hotel Primavera<\/strong> &#8211; Av. Paulo Ribeiro do Valle, 681 &#8211; (35) 3552-6083<\/span><br \/><span><strong>Ibis Hotel<\/strong> &#8211; Av. Conde Ribeiro do Valle, 543 &#8211; (35) 3406-3000<\/span><br \/><span><strong>Pousada Alvarenga<\/strong> &#8211; Rua Salesianos, 78 &#8211; (35) 3552-0567<\/span><br \/><span><strong>Pousada Nova Floresta<\/strong> &#8211; Fazenda Nova Floresta &#8211; (35) 3551-3028<\/span><br \/><span><strong>Pousada Tropical<\/strong> &#8211; Rua Dom Ranulfo, 44 &#8211; (35) 3552-3361<\/span><\/p>\n<p><span><span style=\"text-decoration: underline;\">Muzambinho:<\/span><\/span><\/p>\n<p><span><strong>Hotel JT<\/strong> &#8211; Av. Frei Florentino, 128 &#8211; (35) 3571 1952<br \/><strong>Hotel Violeta<\/strong> &#8211; Av. Cel. Jos\u00e9 Martins, 15 &#8211; (35) 3571 2523<\/span><\/p>\n<p><span><span style=\"text-decoration: underline;\">Monte Santo de Minas:<\/span><\/span><span><span style=\"text-decoration: underline;\"><\/span><\/span><\/p>\n<p><strong><span>Hotel Bastos <\/span><\/strong>&#8211; Avenida Coronel Ant\u00f4nio Paulino Costa, 1 &#8211; (35) 3591 1656<strong><br \/><span>Hotel S\u00e3o Jos\u00e9 <\/span><\/strong>&#8211; Av. Cel. Ant\u00f4nio Paulinho da Costa, 500 &#8211; (35) 3591 3006<strong><br \/><span>Hotel Bruno <\/span><\/strong>&#8211; Pra\u00e7a Joaquim Bernardes, 122 &#8211; (35) 3591 4445<\/p>\n<p>[\/et_pb_text][et_pb_text _builder_version=&#8221;4.27.4&#8243; _module_preset=&#8221;default&#8221; text_font=&#8221;|700|||||||&#8221; text_font_size=&#8221;20px&#8221; custom_margin_tablet=&#8221;||||false|false&#8221; custom_margin_phone=&#8221;||||false|false&#8221; custom_margin_last_edited=&#8221;on|tablet&#8221; custom_padding_tablet=&#8221;||||false|false&#8221; custom_padding_phone=&#8221;||||false|false&#8221; custom_padding_last_edited=&#8221;on|tablet&#8221; text_font_size_tablet=&#8221;&#8221; text_font_size_phone=&#8221;15px&#8221; text_font_size_last_edited=&#8221;on|phone&#8221; text_orientation_tablet=&#8221;left&#8221; text_orientation_phone=&#8221;left&#8221; text_orientation_last_edited=&#8221;on|tablet&#8221; global_colors_info=&#8221;{}&#8221;]Restaurantes, Bares, Lanchonetes e Disk Entrega[\/et_pb_text][et_pb_text _builder_version=&#8221;4.27.4&#8243; _module_preset=&#8221;default&#8221; text_font=&#8221;||||||||&#8221; text_text_color=&#8221;rgba(0,0,0,0.6)&#8221; custom_margin_tablet=&#8221;||||false|false&#8221; custom_margin_phone=&#8221;||||false|false&#8221; custom_margin_last_edited=&#8221;on|tablet&#8221; custom_padding_tablet=&#8221;||||false|false&#8221; custom_padding_phone=&#8221;||||false|false&#8221; custom_padding_last_edited=&#8221;on|tablet&#8221; text_font_size_tablet=&#8221;&#8221; text_font_size_phone=&#8221;15px&#8221; text_font_size_last_edited=&#8221;on|phone&#8221; text_orientation_tablet=&#8221;left&#8221; text_orientation_phone=&#8221;left&#8221; text_orientation_last_edited=&#8221;on|tablet&#8221; global_colors_info=&#8221;{}&#8221;]<\/p>\n<p><span><strong>Bar Barbaridade<\/strong> &#8211; Av. Dona Floriana, 534 &#8211; (35) 3551-0431<\/span><br \/><span><strong>Casa do Pastel<\/strong> &#8211; Av. Dona Floriana, 384 &#8211; (35) 3552-3336<\/span><br \/><span><strong>Emp\u00f3rio da Cerveja<\/strong> &#8211; Av. Dona Floriana, 172 &#8211; (35) 3551-2404<\/span><br \/><span><strong>Fog\u00e3o Caipira<\/strong> &#8211; Rua Major Anacleto, 87 &#8211; (35) 3551-2335<\/span><br \/><span><strong>Pizza Pr\u00e9 Assada<\/strong> &#8211; Av. Dona Floriana, 1482 \u2013 (35) 3551-6396<\/span><br \/><span><strong>Pizzaria Frangonette<\/strong> &#8211; Av. Presidente Get\u00falio Vargas &#8211; (35) 3551-5299<\/span><br \/><span><strong>Pizzaria Koma Bem<\/strong> &#8211; Av. Pres. Tancredo Neves, 53 &#8211; (35) 3551-6841<\/span><br \/><span><strong>Pizzaria Ponto de Encontro<\/strong> &#8211; Av. Conde Ribeiro do Valle, 104 &#8211; (35) 3551-3328<\/span><br \/><span><strong>Restaurante Jardineira<\/strong> &#8211; Pra\u00e7a Paulo Carneiro, 4 &#8211; (35) 3551-7111<\/span><br \/><span><strong>Restaurante Nova Floresta<\/strong> &#8211; Av. Dr. Esmerino Ribeiro do Vale, 67 &#8211; (35) 3552-8016<\/span><br \/><span><strong>Villa Minas<\/strong> &#8211; Av. Felipe Elias Zeitune, Posto S\u00e3o Paulo-Minas, 130-A &#8211; (35) 3551-6666<\/span><br \/><span><strong>Boitec\u00e3o<\/strong> &#8211; Rua da Aparecida, 760 &#8211; (35) 3551-2099<\/span><br \/><span><strong>One Way Hamburgueria<\/strong> &#8211; Avenida Conde Ribeiro do Valle, 872 &#8211; (35) 3551-2044<\/span><br \/><span><strong>Pizzaria Fatirella<\/strong> &#8211; Avenida Dona Floriana, 328 &#8211; (35) 3551-3633<\/span><\/p>\n<p>[\/et_pb_text][et_pb_text _builder_version=&#8221;4.27.4&#8243; _module_preset=&#8221;default&#8221; text_font=&#8221;|700|||||||&#8221; text_font_size=&#8221;20px&#8221; custom_margin_tablet=&#8221;||||false|false&#8221; custom_margin_phone=&#8221;||||false|false&#8221; custom_margin_last_edited=&#8221;on|tablet&#8221; custom_padding_tablet=&#8221;||||false|false&#8221; custom_padding_phone=&#8221;||||false|false&#8221; custom_padding_last_edited=&#8221;on|tablet&#8221; text_font_size_tablet=&#8221;&#8221; text_font_size_phone=&#8221;15px&#8221; text_font_size_last_edited=&#8221;on|phone&#8221; text_orientation_tablet=&#8221;left&#8221; text_orientation_phone=&#8221;left&#8221; text_orientation_last_edited=&#8221;on|tablet&#8221; global_colors_info=&#8221;{}&#8221;]<\/p>\n<p>Transportes<\/p>\n<p>[\/et_pb_text][et_pb_text _builder_version=&#8221;4.27.4&#8243; _module_preset=&#8221;default&#8221; text_font=&#8221;||||||||&#8221; text_text_color=&#8221;rgba(0,0,0,0.6)&#8221; custom_margin_tablet=&#8221;||||false|false&#8221; custom_margin_phone=&#8221;||||false|false&#8221; custom_margin_last_edited=&#8221;on|tablet&#8221; custom_padding_tablet=&#8221;||||false|false&#8221; custom_padding_phone=&#8221;||||false|false&#8221; custom_padding_last_edited=&#8221;on|tablet&#8221; text_font_size_tablet=&#8221;&#8221; text_font_size_phone=&#8221;15px&#8221; text_font_size_last_edited=&#8221;on|phone&#8221; text_orientation_tablet=&#8221;left&#8221; text_orientation_phone=&#8221;left&#8221; text_orientation_last_edited=&#8221;on|tablet&#8221; global_colors_info=&#8221;{}&#8221;]<\/p>\n<p><span><strong>Uber Central Passageiro<\/strong> &#8211; Av. Walmor Alvaro Toledo Russo, 761 &#8211; (35) 3551-7552<\/span><br \/><span><strong>Aeroporto<\/strong> &#8211; Av. Waldomiro Cec\u00edlio Ribeiro, 1300 &#8211; (35) 3559-1085<\/span><br \/><span><strong>Expresso Gard\u00eania<\/strong> &#8211; R. Ant\u00f4nio Giunti, Vila Magalhaes, 42 &#8211; (35) 3551-7651<\/span><br \/><span><strong>Pontos de t\u00e1xi Avenida<\/strong> &#8211; Av. Conde Ribeiro do Valle, 357 &#8211; (35) 3551-1009<\/span><br \/><span><strong>Pontos de t\u00e1xi Rodovi\u00e1ria<\/strong> &#8211; Pra\u00e7a Comendador Sebasti\u00e3o de S\u00e1 &#8211; (35) 3551-1400<\/span><br \/><span><strong>Pontos de t\u00e1xi Santa Casa<\/strong> &#8211; Pra\u00e7a Doutor Francisco Lessa &#8211; (35) 3551-5224<\/span><br \/><span><strong>Rodovi\u00e1ria<\/strong> &#8211; Pra\u00e7a Comendador Sebasti\u00e3o de S\u00e1 Via\u00e7\u00e3o &#8211; (35) 3552-0833<\/span><br \/><span><strong>Via\u00e7\u00e3o Santa Cruz\/Nasser<\/strong> &#8211; Pra\u00e7a Comendador Sebasti\u00e3o de S\u00e1 &#8211; (35) 3551-5541<\/span><\/p>\n<p>[\/et_pb_text][et_pb_text _builder_version=&#8221;4.27.4&#8243; _module_preset=&#8221;default&#8221; text_font=&#8221;|700|||||||&#8221; text_font_size=&#8221;20px&#8221; custom_margin_tablet=&#8221;||||false|false&#8221; custom_margin_phone=&#8221;||||false|false&#8221; custom_margin_last_edited=&#8221;on|tablet&#8221; custom_padding_tablet=&#8221;||||false|false&#8221; custom_padding_phone=&#8221;||||false|false&#8221; custom_padding_last_edited=&#8221;on|tablet&#8221; text_font_size_tablet=&#8221;&#8221; text_font_size_phone=&#8221;15px&#8221; text_font_size_last_edited=&#8221;on|phone&#8221; text_orientation_tablet=&#8221;left&#8221; text_orientation_phone=&#8221;left&#8221; text_orientation_last_edited=&#8221;on|tablet&#8221; global_colors_info=&#8221;{}&#8221;]Informa\u00e7\u00f5es \u00dateis[\/et_pb_text][et_pb_text _builder_version=&#8221;4.27.4&#8243; _module_preset=&#8221;default&#8221; text_font=&#8221;||||||||&#8221; text_text_color=&#8221;rgba(0,0,0,0.6)&#8221; custom_margin_tablet=&#8221;||||false|false&#8221; custom_margin_phone=&#8221;||||false|false&#8221; custom_margin_last_edited=&#8221;on|tablet&#8221; custom_padding_tablet=&#8221;||||false|false&#8221; custom_padding_phone=&#8221;||||false|false&#8221; custom_padding_last_edited=&#8221;on|tablet&#8221; text_font_size_tablet=&#8221;&#8221; text_font_size_phone=&#8221;15px&#8221; text_font_size_last_edited=&#8221;on|phone&#8221; text_orientation_tablet=&#8221;left&#8221; text_orientation_phone=&#8221;left&#8221; text_orientation_last_edited=&#8221;on|tablet&#8221; global_colors_info=&#8221;{}&#8221;]<\/p>\n<p><span><strong>Bombeiro Militar<\/strong> &#8211; Aeroporto Municipal &#8211; Av. Waldomiro Cec\u00edlio Ribeiro s\/n\u00ba &#8211; (35) 3552-6649 \/ 193<\/span><br \/><span><strong>Pol\u00edcia Civil<\/strong> &#8211; Av. Dona Floriana, 272 &#8211; (35) 3551-5399<\/span><br \/><span><strong>Pol\u00edcia Militar<\/strong> &#8211; Av. Dona Floriana, 1202 &#8211; 190<\/span><br \/><span><strong>Prefeitura de Guaxup\u00e9<\/strong> &#8211; (35) 3559-1001 \/ (35) 3559-1008<\/span><br \/><span><strong>Santa Casa de Miseric\u00f3rdia<\/strong> &#8211; Pra\u00e7a Doutor Francisco Lessa, 162 &#8211; (35) 3559-1515<\/span><br \/><span><strong>Samu<\/strong> &#8211; Emerg\u00eancia &#8211; 192<\/span><br \/><span><strong>Secretaria de Cultura, Esporte e Turismo<\/strong> &#8211; Av. Conde Ribeiro do Valle, 68 &#8211; (35) 3559-1004<\/span><br \/><span><strong>Unimed<\/strong> &#8211; Rua Luiz Costa Monteiro, 171 &#8211; (35) 3559-6100<\/span><\/p>\n<p>[\/et_pb_text][\/et_pb_column][\/et_pb_row][\/et_pb_section]<\/p>\n","protected":false},"excerpt":{"rendered":"<p>UTILIDADESHot\u00e9isGuaxup\u00e9: Hotel Class &#8211; Rua Aparecida, 733 &#8211; (35) 3559-7200Hotel Marambaia &#8211; Rua Major Anacleto, 79 &#8211; (35) 3551-5500Hotel Primavera &#8211; Av. Paulo Ribeiro do Valle, 681 &#8211; (35) 3552-6083Ibis Hotel &#8211; Av. Conde Ribeiro do Valle, 543 &#8211; (35) 3406-3000Pousada Alvarenga &#8211; Rua Salesianos, 78 &#8211; (35) 3552-0567Pousada Nova Floresta &#8211; Fazenda Nova Floresta [&hellip;]<\/p>\n","protected":false},"author":1,"featured_media":0,"parent":0,"menu_order":0,"comment_status":"closed","ping_status":"closed","template":"","meta":{"_et_pb_use_builder":"on","_et_pb_old_content":"","_et_gb_content_width":"","footnotes":""},"class_list":["post-133","page","type-page","status-publish","hentry"],"yoast_head":"<!-- This site is optimized with the Yoast SEO plugin v27.5 - https:\/\/yoast.com\/product\/yoast-seo-wordpress\/ -->\n<title>Utilidades - Femagri<\/title>\n<meta name=\"robots\" content=\"index, follow, max-snippet:-1, max-image-preview:large, max-video-preview:-1\" \/>\n<link rel=\"canonical\" href=\"https:\/\/www.cooxupe.com.br\/femagri\/utilidades\/\" \/>\n<meta property=\"og:locale\" content=\"pt_BR\" \/>\n<meta property=\"og:type\" content=\"article\" \/>\n<meta property=\"og:title\" content=\"Utilidades - Femagri\" \/>\n<meta property=\"og:description\" content=\"UTILIDADESHot\u00e9isGuaxup\u00e9: Hotel Class - Rua Aparecida, 733 - (35) 3559-7200Hotel Marambaia - Rua Major Anacleto, 79 - (35) 3551-5500Hotel Primavera - Av. Paulo Ribeiro do Valle, 681 - (35) 3552-6083Ibis Hotel - Av. Conde Ribeiro do Valle, 543 - (35) 3406-3000Pousada Alvarenga - Rua Salesianos, 78 - (35) 3552-0567Pousada Nova Floresta - Fazenda Nova Floresta [&hellip;]\" \/>\n<meta property=\"og:url\" content=\"https:\/\/www.cooxupe.com.br\/femagri\/utilidades\/\" \/>\n<meta property=\"og:site_name\" content=\"Femagri\" \/>\n<meta property=\"article:modified_time\" content=\"2026-01-27T15:25:23+00:00\" \/>\n<meta name=\"twitter:card\" content=\"summary_large_image\" \/>\n<meta name=\"twitter:label1\" content=\"Est. tempo de leitura\" \/>\n\t<meta name=\"twitter:data1\" content=\"8 minutos\" \/>\n<script type=\"application\/ld+json\" class=\"yoast-schema-graph\">{\"@context\":\"https:\\\/\\\/schema.org\",\"@graph\":[{\"@type\":\"WebPage\",\"@id\":\"https:\\\/\\\/www.cooxupe.com.br\\\/femagri\\\/utilidades\\\/\",\"url\":\"https:\\\/\\\/www.cooxupe.com.br\\\/femagri\\\/utilidades\\\/\",\"name\":\"Utilidades - Femagri\",\"isPartOf\":{\"@id\":\"https:\\\/\\\/www.cooxupe.com.br\\\/femagri\\\/#website\"},\"datePublished\":\"2025-01-22T19:40:21+00:00\",\"dateModified\":\"2026-01-27T15:25:23+00:00\",\"breadcrumb\":{\"@id\":\"https:\\\/\\\/www.cooxupe.com.br\\\/femagri\\\/utilidades\\\/#breadcrumb\"},\"inLanguage\":\"pt-BR\",\"potentialAction\":[{\"@type\":\"ReadAction\",\"target\":[\"https:\\\/\\\/www.cooxupe.com.br\\\/femagri\\\/utilidades\\\/\"]}]},{\"@type\":\"BreadcrumbList\",\"@id\":\"https:\\\/\\\/www.cooxupe.com.br\\\/femagri\\\/utilidades\\\/#breadcrumb\",\"itemListElement\":[{\"@type\":\"ListItem\",\"position\":1,\"name\":\"In\u00edcio\",\"item\":\"https:\\\/\\\/www.cooxupe.com.br\\\/femagri\\\/\"},{\"@type\":\"ListItem\",\"position\":2,\"name\":\"Utilidades\"}]},{\"@type\":\"WebSite\",\"@id\":\"https:\\\/\\\/www.cooxupe.com.br\\\/femagri\\\/#website\",\"url\":\"https:\\\/\\\/www.cooxupe.com.br\\\/femagri\\\/\",\"name\":\"Feira do Cerrado\",\"description\":\"Feira de m\u00e1quinas, implementos e insumos agr\u00edcolas\",\"publisher\":{\"@id\":\"https:\\\/\\\/www.cooxupe.com.br\\\/femagri\\\/#organization\"},\"potentialAction\":[{\"@type\":\"SearchAction\",\"target\":{\"@type\":\"EntryPoint\",\"urlTemplate\":\"https:\\\/\\\/www.cooxupe.com.br\\\/femagri\\\/?s={search_term_string}\"},\"query-input\":{\"@type\":\"PropertyValueSpecification\",\"valueRequired\":true,\"valueName\":\"search_term_string\"}}],\"inLanguage\":\"pt-BR\"},{\"@type\":\"Organization\",\"@id\":\"https:\\\/\\\/www.cooxupe.com.br\\\/femagri\\\/#organization\",\"name\":\"Feira do Cerrado\",\"url\":\"https:\\\/\\\/www.cooxupe.com.br\\\/femagri\\\/\",\"logo\":{\"@type\":\"ImageObject\",\"inLanguage\":\"pt-BR\",\"@id\":\"https:\\\/\\\/www.cooxupe.com.br\\\/femagri\\\/#\\\/schema\\\/logo\\\/image\\\/\",\"url\":\"https:\\\/\\\/www.cooxupe.com.br\\\/femagri\\\/wp-content\\\/uploads\\\/2025\\\/01\\\/logo2025.png\",\"contentUrl\":\"https:\\\/\\\/www.cooxupe.com.br\\\/femagri\\\/wp-content\\\/uploads\\\/2025\\\/01\\\/logo2025.png\",\"width\":1309,\"height\":572,\"caption\":\"Feira do Cerrado\"},\"image\":{\"@id\":\"https:\\\/\\\/www.cooxupe.com.br\\\/femagri\\\/#\\\/schema\\\/logo\\\/image\\\/\"}}]}<\/script>\n<!-- \/ Yoast SEO plugin. -->","yoast_head_json":{"title":"Utilidades - Femagri","robots":{"index":"index","follow":"follow","max-snippet":"max-snippet:-1","max-image-preview":"max-image-preview:large","max-video-preview":"max-video-preview:-1"},"canonical":"https:\/\/www.cooxupe.com.br\/femagri\/utilidades\/","og_locale":"pt_BR","og_type":"article","og_title":"Utilidades - Femagri","og_description":"UTILIDADESHot\u00e9isGuaxup\u00e9: Hotel Class - Rua Aparecida, 733 - (35) 3559-7200Hotel Marambaia - Rua Major Anacleto, 79 - (35) 3551-5500Hotel Primavera - Av. Paulo Ribeiro do Valle, 681 - (35) 3552-6083Ibis Hotel - Av. Conde Ribeiro do Valle, 543 - (35) 3406-3000Pousada Alvarenga - Rua Salesianos, 78 - (35) 3552-0567Pousada Nova Floresta - Fazenda Nova Floresta [&hellip;]","og_url":"https:\/\/www.cooxupe.com.br\/femagri\/utilidades\/","og_site_name":"Femagri","article_modified_time":"2026-01-27T15:25:23+00:00","twitter_card":"summary_large_image","twitter_misc":{"Est. tempo de leitura":"8 minutos"},"schema":{"@context":"https:\/\/schema.org","@graph":[{"@type":"WebPage","@id":"https:\/\/www.cooxupe.com.br\/femagri\/utilidades\/","url":"https:\/\/www.cooxupe.com.br\/femagri\/utilidades\/","name":"Utilidades - Femagri","isPartOf":{"@id":"https:\/\/www.cooxupe.com.br\/femagri\/#website"},"datePublished":"2025-01-22T19:40:21+00:00","dateModified":"2026-01-27T15:25:23+00:00","breadcrumb":{"@id":"https:\/\/www.cooxupe.com.br\/femagri\/utilidades\/#breadcrumb"},"inLanguage":"pt-BR","potentialAction":[{"@type":"ReadAction","target":["https:\/\/www.cooxupe.com.br\/femagri\/utilidades\/"]}]},{"@type":"BreadcrumbList","@id":"https:\/\/www.cooxupe.com.br\/femagri\/utilidades\/#breadcrumb","itemListElement":[{"@type":"ListItem","position":1,"name":"In\u00edcio","item":"https:\/\/www.cooxupe.com.br\/femagri\/"},{"@type":"ListItem","position":2,"name":"Utilidades"}]},{"@type":"WebSite","@id":"https:\/\/www.cooxupe.com.br\/femagri\/#website","url":"https:\/\/www.cooxupe.com.br\/femagri\/","name":"Feira do Cerrado","description":"Feira de m\u00e1quinas, implementos e insumos agr\u00edcolas","publisher":{"@id":"https:\/\/www.cooxupe.com.br\/femagri\/#organization"},"potentialAction":[{"@type":"SearchAction","target":{"@type":"EntryPoint","urlTemplate":"https:\/\/www.cooxupe.com.br\/femagri\/?s={search_term_string}"},"query-input":{"@type":"PropertyValueSpecification","valueRequired":true,"valueName":"search_term_string"}}],"inLanguage":"pt-BR"},{"@type":"Organization","@id":"https:\/\/www.cooxupe.com.br\/femagri\/#organization","name":"Feira do Cerrado","url":"https:\/\/www.cooxupe.com.br\/femagri\/","logo":{"@type":"ImageObject","inLanguage":"pt-BR","@id":"https:\/\/www.cooxupe.com.br\/femagri\/#\/schema\/logo\/image\/","url":"https:\/\/www.cooxupe.com.br\/femagri\/wp-content\/uploads\/2025\/01\/logo2025.png","contentUrl":"https:\/\/www.cooxupe.com.br\/femagri\/wp-content\/uploads\/2025\/01\/logo2025.png","width":1309,"height":572,"caption":"Feira do Cerrado"},"image":{"@id":"https:\/\/www.cooxupe.com.br\/femagri\/#\/schema\/logo\/image\/"}}]}},"_links":{"self":[{"href":"https:\/\/www.cooxupe.com.br\/femagri\/wp-json\/wp\/v2\/pages\/133","targetHints":{"allow":["GET"]}}],"collection":[{"href":"https:\/\/www.cooxupe.com.br\/femagri\/wp-json\/wp\/v2\/pages"}],"about":[{"href":"https:\/\/www.cooxupe.com.br\/femagri\/wp-json\/wp\/v2\/types\/page"}],"author":[{"embeddable":true,"href":"https:\/\/www.cooxupe.com.br\/femagri\/wp-json\/wp\/v2\/users\/1"}],"replies":[{"embeddable":true,"href":"https:\/\/www.cooxupe.com.br\/femagri\/wp-json\/wp\/v2\/comments?post=133"}],"version-history":[{"count":5,"href":"https:\/\/www.cooxupe.com.br\/femagri\/wp-json\/wp\/v2\/pages\/133\/revisions"}],"predecessor-version":[{"id":1235,"href":"https:\/\/www.cooxupe.com.br\/femagri\/wp-json\/wp\/v2\/pages\/133\/revisions\/1235"}],"wp:attachment":[{"href":"https:\/\/www.cooxupe.com.br\/femagri\/wp-json\/wp\/v2\/media?parent=133"}],"curies":[{"name":"wp","href":"https:\/\/api.w.org\/{rel}","templated":true}]}}